{"id":21,"date":"2020-12-08T03:53:12","date_gmt":"2020-12-08T03:53:12","guid":{"rendered":"https:\/\/gaviaspreview.com\/wp\/paroti\/?page_id=21"},"modified":"2024-03-07T15:08:17","modified_gmt":"2024-03-07T15:08:17","slug":"about","status":"publish","type":"page","link":"https:\/\/redesocialcam.com.br\/index.php\/about\/","title":{"rendered":"About"},"content":{"rendered":"\t\t<div data-elementor-type=\"wp-page\" data-elementor-id=\"21\" class=\"elementor elementor-21\" data-elementor-post-type=\"page\">\n\t\t\t\t\t\t<section class=\"elementor-section elementor-top-section elementor-element elementor-element-a2abf68 elementor-section-boxed elementor-section-height-default elementor-section-height-default\" data-id=\"a2abf68\" data-element_type=\"section\" data-settings=\"{&quot;background_background&quot;:&quot;classic&quot;}\">\n\t\t\t\t\t\t<div class=\"elementor-container elementor-column-gap-default\">\n\t\t\t\t\t<div class=\"elementor-column elementor-col-100 elementor-top-column elementor-element elementor-element-7260d10\" data-id=\"7260d10\" data-element_type=\"column\">\n\t\t\t<div class=\"elementor-widget-wrap elementor-element-populated\">\n\t\t\t\t\t\t<div class=\"elementor-element elementor-element-3f38b9d elementor-widget elementor-widget-gva-heading-block\" data-id=\"3f38b9d\" data-element_type=\"widget\" data-widget_type=\"gva-heading-block.default\">\n\t\t\t\t<div class=\"elementor-widget-container\">\n\t\t\t<div class=\"gva-element-gva-heading-block gva-element\">   <div class=\"align-left style-1 widget gsc-heading box-align-left auto-responsive\">\r\n      <div class=\"content-inner\">\r\n         \r\n                  \r\n           \r\n         \r\n                     <h2 class=\"title\">\r\n               <span>Quem Somos<\/span>\r\n            <\/h2>\r\n                  \r\n                     <div class=\"title-desc\">Estimulando a corresponsabilidade e coopera\u00e7\u00e3o entre organiza\u00e7\u00f5es<\/div>\r\n         \r\n         \r\n      <\/div>\r\n   <\/div>\r\n<\/div>\t\t<\/div>\n\t\t\t\t<\/div>\n\t\t\t\t\t<\/div>\n\t\t<\/div>\n\t\t\t\t\t<\/div>\n\t\t<\/section>\n\t\t\t\t<section class=\"elementor-section elementor-top-section elementor-element elementor-element-4703abd elementor-section-boxed elementor-section-height-default elementor-section-height-default\" data-id=\"4703abd\" data-element_type=\"section\" data-settings=\"{&quot;background_background&quot;:&quot;classic&quot;}\">\n\t\t\t\t\t\t<div class=\"elementor-container elementor-column-gap-default\">\n\t\t\t\t\t<div class=\"elementor-column elementor-col-50 elementor-top-column elementor-element elementor-element-029430f\" data-id=\"029430f\" data-element_type=\"column\">\n\t\t\t<div class=\"elementor-widget-wrap elementor-element-populated\">\n\t\t\t\t\t\t<div class=\"elementor-element elementor-element-59bc623 elementor-widget elementor-widget-gva-image-content\" data-id=\"59bc623\" data-element_type=\"widget\" data-widget_type=\"gva-image-content.default\">\n\t\t\t\t<div class=\"elementor-widget-container\">\n\t\t\t<div class=\"gva-element-gva-image-content gva-element\">\t\t\r\n\t  \r\n\t \r\n\r\n\t \r\n\r\n\t\r\n \r\n  \r\n  <div class=\"gsc-image-content skin-v5\">\r\n\t \t\t<div class=\"image\">\r\n\t\t\t \t\t  <a href=\"#\">\r\n\t\t\t <img decoding=\"async\" src=\"https:\/\/redesocialcam.com.br\/wp-content\/uploads\/2024\/03\/Tecendo-Acoes-da-Redcam_d400.png\" title=\"Tecendo-A\u00e7\u00f5es-da-Redcam_d400\" alt=\"Tecendo-A\u00e7\u00f5es-da-Redcam_d400\" loading=\"lazy\" \/>\t\t  <\/a>\r\n\t\t  \t\t<\/div>\r\n\t \t <div class=\"box-content\">\r\n\t\t\t\t<div class=\"desc\"><\/div>\r\n\t\t\t\t  <div class=\"read-more\">\r\n\t\t\t \t\t  <a href=\"#\" class=\"btn-inline\">\r\n\t\t\t <span><\/span>\t\t  <\/a>\r\n\t\t  \t\t  <\/div>\r\n\t\t\t <\/div>  \r\n  <\/div>\r\n <\/div>\t\t<\/div>\n\t\t\t\t<\/div>\n\t\t\t\t\t<\/div>\n\t\t<\/div>\n\t\t\t\t<div class=\"elementor-column elementor-col-50 elementor-top-column elementor-element elementor-element-a71a61f\" data-id=\"a71a61f\" data-element_type=\"column\">\n\t\t\t<div class=\"elementor-widget-wrap elementor-element-populated\">\n\t\t\t\t\t\t<div class=\"elementor-element elementor-element-55665b5 elementor-widget elementor-widget-gva-heading-block\" data-id=\"55665b5\" data-element_type=\"widget\" data-settings=\"{&quot;_animation&quot;:&quot;none&quot;}\" data-widget_type=\"gva-heading-block.default\">\n\t\t\t\t<div class=\"elementor-widget-container\">\n\t\t\t<div class=\"gva-element-gva-heading-block gva-element\">   <div class=\"align-left style-1 widget gsc-heading box-align-left auto-responsive\">\r\n      <div class=\"content-inner\">\r\n         \r\n                  \r\n         <div class=\"sub-title\"><span class=\"tagline\">Mais sobre a Redcam<\/span><\/div>  \r\n         \r\n                     <h2 class=\"title\">\r\n               <span>O que \u00e9 a REDCAM<\/span>\r\n            <\/h2>\r\n                  \r\n         \r\n         \r\n      <\/div>\r\n   <\/div>\r\n<\/div>\t\t<\/div>\n\t\t\t\t<\/div>\n\t\t\t\t<div class=\"elementor-element elementor-element-dadfced elementor-widget elementor-widget-text-editor\" data-id=\"dadfced\" data-element_type=\"widget\" data-widget_type=\"text-editor.default\">\n\t\t\t\t<div class=\"elementor-widget-container\">\n\t\t\t<style>\/*! elementor - v3.19.0 - 29-01-2024 *\/\n.elementor-widget-text-editor.elementor-drop-cap-view-stacked .elementor-drop-cap{background-color:#69727d;color:#fff}.elementor-widget-text-editor.elementor-drop-cap-view-framed .elementor-drop-cap{color:#69727d;border:3px solid;background-color:transparent}.elementor-widget-text-editor:not(.elementor-drop-cap-view-default) .elementor-drop-cap{margin-top:8px}.elementor-widget-text-editor:not(.elementor-drop-cap-view-default) .elementor-drop-cap-letter{width:1em;height:1em}.elementor-widget-text-editor .elementor-drop-cap{float:left;text-align:center;line-height:1;font-size:50px}.elementor-widget-text-editor .elementor-drop-cap-letter{display:inline-block}<\/style>\t\t\t\t<div><span class=\"theme-text-color-0-4\">OSC &#8211; Organiza\u00e7\u00e3o da Sociedade Civil , sem fins econ\u00f4micos, com sede na Rua da Gl\u00f3ria n\u00ba 26 Gleba \u201cC\u201d Cama\u00e7ari Bahia CEP 42.807-085. que\u00a0 desenvolve programas, projetos , a\u00e7\u00f5es\u00a0 e atividades por meio das\u00a0 organiza\u00e7\u00f5es que integram a base de sustenta\u00e7\u00e3o da REDCAM.<\/span><\/div><div><span class=\"theme-text-color-0-4\">\u00a0\u00a0\u00a0\u00a0<br \/>\u2022Atua de forma Organizada e articulada tendo como base as experi\u00eancias vivenciadas pelas comunidades e das organiza\u00e7\u00f5es parceiras;<br \/><\/span><\/div><div><span class=\"theme-text-color-0-4\"><br \/>\u2022fortalece a participa\u00e7\u00e3o popular nos conselhos de pol\u00edticas p\u00fablicas, fiscalizando as a\u00e7\u00f5es de governos e discutindo alternativas concretas para o desenvolvimento sustent\u00e1vel do Mun\u00edcipio.\u00a0\u00a0<\/span><\/div>\t\t\t\t\t\t<\/div>\n\t\t\t\t<\/div>\n\t\t\t\t\t<\/div>\n\t\t<\/div>\n\t\t\t\t\t<\/div>\n\t\t<\/section>\n\t\t\t\t<section class=\"elementor-section elementor-top-section elementor-element elementor-element-925f668 elementor-section-boxed elementor-section-height-default elementor-section-height-default\" data-id=\"925f668\" data-element_type=\"section\">\n\t\t\t\t\t\t<div class=\"elementor-container elementor-column-gap-default\">\n\t\t\t\t\t<div class=\"elementor-column elementor-col-100 elementor-top-column elementor-element elementor-element-302fa92\" data-id=\"302fa92\" data-element_type=\"column\">\n\t\t\t<div class=\"elementor-widget-wrap elementor-element-populated\">\n\t\t\t\t\t\t<div class=\"elementor-element elementor-element-0e844e5 elementor-widget elementor-widget-text-editor\" data-id=\"0e844e5\" data-element_type=\"widget\" data-widget_type=\"text-editor.default\">\n\t\t\t\t<div class=\"elementor-widget-container\">\n\t\t\t\t\t\t\t<div><span class=\"theme-text-color-0-4\"><strong>Beneficios de trabalho em rede<\/strong><br \/><\/span><\/div><div><span class=\"theme-text-color-0-4\"><strong>\u00a0<br \/><\/strong><\/span><\/div><ul><li><span class=\"theme-text-color-0-4\">Otimiza\u00e7\u00e3o dos espa\u00e7os f\u00edsicos e maior aproveitamento de recursos e humanos e materiais.<\/span><\/li><li><span class=\"theme-text-color-0-4\">Melhor distribui\u00e7\u00e3o de custos.<br \/><\/span><\/li><li><span class=\"theme-text-color-0-4\">Fortalecimento de a\u00e7\u00f5es.<br \/><\/span><\/li><li><span class=\"theme-text-color-0-4\">Estimulo a corresponsabilidade e coopera\u00e7\u00e3o entre organiza\u00e7\u00f5es<br \/><\/span><\/li><li><span class=\"theme-text-color-0-4\">Maior viabiliza\u00e7\u00e3o de capta\u00e7\u00e3o de recursos e articula\u00e7\u00e3o de parcerias .<br \/><\/span><\/li><li><span class=\"theme-text-color-0-4\">Aumento na sinergia entre\u00a0 sociedade civil , poder p\u00fablico e comunidade.<br \/><\/span><\/li><li><span class=\"theme-text-color-0-4\">Intensifica\u00e7\u00e3o na execu\u00e7\u00e3o de politicas p\u00fablicas.<br \/><\/span><\/li><li><span class=\"theme-text-color-0-4\">Maior possibilidade de\u00a0 garantia ao acesso da popula\u00e7\u00e3o a essas pol\u00edticas.<br \/><\/span><\/li><li><span class=\"theme-text-color-0-4\">Fortalecimento das capacidades individuais e coletivas<\/span><\/li><\/ul><div><span class=\"theme-text-color-0-4\"><strong>Quem integra a REDCAM<\/strong><\/span><\/div><div>\u00a0<\/div><div><span class=\"theme-text-color-0-4\"><strong>UOSCC<\/strong> &#8211; Uni\u00e3o das Organiza\u00e7\u00f5es Sociais e Culturais de Cama\u00e7ari<br \/><strong>CTG<\/strong> &#8211; Cooperativa de Trabalhos Gerais<br \/><\/span><\/div><div><span class=\"theme-text-color-0-4\"><strong>CEAS<\/strong> &#8211; Centro de Educa\u00e7\u00e3o e Assist\u00eancia Social<br \/><\/span><\/div><div><span class=\"theme-text-color-0-4\"><strong>IEC<\/strong> &#8211; Instituto Empreender Cultura<br \/><\/span><\/div><div><span class=\"theme-text-color-0-4\"><strong>CAEC<\/strong> &#8211; Centro de Apoio Aos Esportes e a Cidadania<\/span><\/div>\t\t\t\t\t\t<\/div>\n\t\t\t\t<\/div>\n\t\t\t\t<div class=\"elementor-element elementor-element-f7cb1ca elementor-widget elementor-widget-gva-brand\" data-id=\"f7cb1ca\" data-element_type=\"widget\" data-widget_type=\"gva-brand.default\">\n\t\t\t\t<div class=\"elementor-widget-container\">\n\t\t\t<div class=\"gva-element-gva-brand gva-element\">\r\n<div class=\"gva-brand-carousel style-1 \">\r\n   <div class=\"swiper-content-inner\">\r\n      <div class=\"init-carousel-swiper swiper\" data-carousel=\"{&quot;items&quot;:5,&quot;items_lg&quot;:5,&quot;items_md&quot;:4,&quot;items_sm&quot;:3,&quot;items_xs&quot;:2,&quot;items_xx&quot;:2,&quot;effect&quot;:&quot;slide&quot;,&quot;space_between&quot;:30,&quot;loop&quot;:1,&quot;speed&quot;:600,&quot;autoplay&quot;:1,&quot;autoplay_delay&quot;:4500,&quot;autoplay_hover&quot;:1,&quot;navigation&quot;:1,&quot;pagination&quot;:0,&quot;dynamic_bullets&quot;:0,&quot;pagination_type&quot;:&quot;bullets&quot;}\">\r\n         <div class=\"swiper-wrapper\">\r\n            \r\n            <div class=\"swiper-slide item brand-item\"><div class=\"brand-item-content\"><div class=\"brand-item-image\"><img decoding=\"async\" src=\"https:\/\/gaviaspreview.com\/wp\/paroti\/wp-content\/plugins\/paroti-themer\/elementor\/assets\/images\/brand.png\" alt=\"\" class=\"brand-img\"\/><\/div><\/div><\/div><div class=\"swiper-slide item brand-item\"><div class=\"brand-item-content\"><div class=\"brand-item-image\"><img decoding=\"async\" src=\"https:\/\/gaviaspreview.com\/wp\/paroti\/wp-content\/plugins\/paroti-themer\/elementor\/assets\/images\/brand.png\" alt=\"\" class=\"brand-img\"\/><\/div><\/div><\/div><div class=\"swiper-slide item brand-item\"><div class=\"brand-item-content\"><div class=\"brand-item-image\"><img decoding=\"async\" src=\"https:\/\/gaviaspreview.com\/wp\/paroti\/wp-content\/plugins\/paroti-themer\/elementor\/assets\/images\/brand.png\" alt=\"\" class=\"brand-img\"\/><\/div><\/div><\/div><div class=\"swiper-slide item brand-item\"><div class=\"brand-item-content\"><div class=\"brand-item-image\"><img decoding=\"async\" src=\"https:\/\/gaviaspreview.com\/wp\/paroti\/wp-content\/plugins\/paroti-themer\/elementor\/assets\/images\/brand.png\" alt=\"\" class=\"brand-img\"\/><\/div><\/div><\/div><div class=\"swiper-slide item brand-item\"><div class=\"brand-item-content\"><div class=\"brand-item-image\"><img decoding=\"async\" src=\"https:\/\/gaviaspreview.com\/wp\/paroti\/wp-content\/plugins\/paroti-themer\/elementor\/assets\/images\/brand.png\" alt=\"\" class=\"brand-img\"\/><\/div><\/div><\/div><div class=\"swiper-slide item brand-item\"><div class=\"brand-item-content\"><div class=\"brand-item-image\"><img decoding=\"async\" src=\"https:\/\/gaviaspreview.com\/wp\/paroti\/wp-content\/plugins\/paroti-themer\/elementor\/assets\/images\/brand.png\" alt=\"\" class=\"brand-img\"\/><\/div><\/div><\/div>\r\n         <\/div>\r\n      <\/div>   \r\n   <\/div>\r\n   <div class=\"swiper-pagination\"><\/div>   <div class=\"swiper-nav-next\"><\/div><div class=\"swiper-nav-prev\"><\/div><\/div>\r\n<\/div>\t\t<\/div>\n\t\t\t\t<\/div>\n\t\t\t\t\t<\/div>\n\t\t<\/div>\n\t\t\t\t\t<\/div>\n\t\t<\/section>\n\t\t\t\t<section class=\"elementor-section elementor-top-section elementor-element elementor-element-19fa164 elementor-section-boxed elementor-section-height-default elementor-section-height-default\" data-id=\"19fa164\" data-element_type=\"section\" data-settings=\"{&quot;background_background&quot;:&quot;classic&quot;}\">\n\t\t\t\t\t\t<div class=\"elementor-container elementor-column-gap-default\">\n\t\t\t\t\t<div class=\"elementor-column elementor-col-100 elementor-top-column elementor-element elementor-element-426f663\" data-id=\"426f663\" data-element_type=\"column\">\n\t\t\t<div class=\"elementor-widget-wrap elementor-element-populated\">\n\t\t\t\t\t\t<div class=\"elementor-element elementor-element-ea03062 elementor-widget elementor-widget-gva-heading-block\" data-id=\"ea03062\" data-element_type=\"widget\" data-widget_type=\"gva-heading-block.default\">\n\t\t\t\t<div class=\"elementor-widget-container\">\n\t\t\t<div class=\"gva-element-gva-heading-block gva-element\">   <div class=\"align-center style-1 widget gsc-heading box-align-left auto-responsive\">\r\n      <div class=\"content-inner\">\r\n         \r\n                  \r\n           \r\n         \r\n                     <h2 class=\"title\">\r\n               <span> PERFIS DA ORGANIZA\u00c7\u00d5ES INTEGRADAS \u00c0 REDCAM<\/span>\r\n            <\/h2>\r\n                  \r\n         \r\n         \r\n      <\/div>\r\n   <\/div>\r\n<\/div>\t\t<\/div>\n\t\t\t\t<\/div>\n\t\t\t\t\t<\/div>\n\t\t<\/div>\n\t\t\t\t\t<\/div>\n\t\t<\/section>\n\t\t<div class=\"elementor-element elementor-element-2cf659e e-flex e-con-boxed e-con e-parent\" data-id=\"2cf659e\" data-element_type=\"container\" data-settings=\"{&quot;background_background&quot;:&quot;classic&quot;,&quot;content_width&quot;:&quot;boxed&quot;}\" data-core-v316-plus=\"true\">\n\t\t\t\t\t<div class=\"e-con-inner\">\n\t\t\t\t<div class=\"elementor-element elementor-element-40727a8 elementor-widget elementor-widget-gva-heading-block\" data-id=\"40727a8\" data-element_type=\"widget\" data-widget_type=\"gva-heading-block.default\">\n\t\t\t\t<div class=\"elementor-widget-container\">\n\t\t\t<div class=\"gva-element-gva-heading-block gva-element\">   <div class=\"align-center style-1 widget gsc-heading box-align-left auto-responsive\">\r\n      <div class=\"content-inner\">\r\n         \r\n                  \r\n           \r\n         \r\n                     <h2 class=\"title\">\r\n               <span> PERFIS DA ORGANIZA\u00c7\u00d5ES INTEGRADAS \u00c0 REDCAM<\/span>\r\n            <\/h2>\r\n                  \r\n         \r\n         \r\n      <\/div>\r\n   <\/div>\r\n<\/div>\t\t<\/div>\n\t\t\t\t<\/div>\n\t\t\t\t\t<\/div>\n\t\t\t\t<\/div>\n\t\t<div class=\"elementor-element elementor-element-c55d5e0 e-flex e-con-boxed e-con e-parent\" data-id=\"c55d5e0\" data-element_type=\"container\" data-settings=\"{&quot;background_background&quot;:&quot;classic&quot;,&quot;content_width&quot;:&quot;boxed&quot;}\" data-core-v316-plus=\"true\">\n\t\t\t\t\t<div class=\"e-con-inner\">\n\t\t<div class=\"elementor-element elementor-element-497b2f4 e-con-full e-flex e-con e-child\" data-id=\"497b2f4\" data-element_type=\"container\" data-settings=\"{&quot;content_width&quot;:&quot;full&quot;}\">\n\t\t\t\t<div class=\"elementor-element elementor-element-546ac85 elementor-widget elementor-widget-image\" data-id=\"546ac85\" data-element_type=\"widget\" data-widget_type=\"image.default\">\n\t\t\t\t<div class=\"elementor-widget-container\">\n\t\t\t<style>\/*! elementor - v3.19.0 - 29-01-2024 *\/\n.elementor-widget-image{text-align:center}.elementor-widget-image a{display:inline-block}.elementor-widget-image a img[src$=\".svg\"]{width:48px}.elementor-widget-image img{vertical-align:middle;display:inline-block}<\/style>\t\t\t\t\t\t\t\t\t\t<img decoding=\"async\" src=\"https:\/\/redesocialcam.com.br\/wp-content\/uploads\/elementor\/thumbs\/Associacao-Des-Com-Sustentavel_d400-1-r4ddkhmio92hee33v2g3pmlrxw9tcoblcdeg5qpzg0.png\" title=\"Associa\u00e7\u00e3o-Des-Com-Sustent\u00e1vel_d400 (1)\" alt=\"Associa\u00e7\u00e3o-Des-Com-Sustent\u00e1vel_d400 (1)\" loading=\"lazy\" \/>\t\t\t\t\t\t\t\t\t\t\t\t\t<\/div>\n\t\t\t\t<\/div>\n\t\t\t\t<\/div>\n\t\t<div class=\"elementor-element elementor-element-d2b3dcb e-con-full e-flex e-con e-child\" data-id=\"d2b3dcb\" data-element_type=\"container\" data-settings=\"{&quot;content_width&quot;:&quot;full&quot;}\">\n\t\t\t\t<div class=\"elementor-element elementor-element-41a97db elementor-widget elementor-widget-text-editor\" data-id=\"41a97db\" data-element_type=\"widget\" data-widget_type=\"text-editor.default\">\n\t\t\t\t<div class=\"elementor-widget-container\">\n\t\t\t\t\t\t\t<div><strong>Natureza Jur\u00eddica: Organiza\u00e7\u00e3o da Sociedade Civil Organizada<\/strong><\/div><div><strong>Sede Social: Rua da Gl\u00f3ria n\u00ba 26 Gleba \u201cC\u201d Cama\u00e7ari\/Ba CEP 42.803-010<br \/>E-mail: redegc@gmail.com\u00a0 Tel: (71) 3027-3543 | 98101-7384<br \/>Site: www.redesocialcam.com.br<\/strong><\/div>\t\t\t\t\t\t<\/div>\n\t\t\t\t<\/div>\n\t\t\t\t<\/div>\n\t\t<div class=\"elementor-element elementor-element-35b3995 e-con-full e-flex e-con e-child\" data-id=\"35b3995\" data-element_type=\"container\" data-settings=\"{&quot;content_width&quot;:&quot;full&quot;}\">\n\t\t\t\t<div class=\"elementor-element elementor-element-cdf494e elementor-widget elementor-widget-text-editor\" data-id=\"cdf494e\" data-element_type=\"widget\" data-widget_type=\"text-editor.default\">\n\t\t\t\t<div class=\"elementor-widget-container\">\n\t\t\t\t\t\t\t<div><strong>Natureza Jur\u00eddica: Organiza\u00e7\u00e3o da Sociedade Civil Organizada<\/strong><\/div><div><strong>Sede Social: Rua da Gl\u00f3ria n\u00ba 26 Gleba \u201cC\u201d Cama\u00e7ari\/Ba CEP 42.803-010<br \/>E-mail: redegc@gmail.com\u00a0 Tel: (71) 3027-3543 | 98101-7384 | Site: www.redesocialcam.com.br<\/strong><br \/><br \/><\/div><div><strong><u>Linha de Atua\u00e7\u00e3o<\/u>:<\/strong><br \/>Educa\u00e7\u00e3o e Forma\u00e7\u00e3o\u00a0\/\u00a0 Desenvolvimento\u00a0 Institucional e Social<\/div><div>\u00a0<\/div><div><strong><u>\u00c1rea de Atua\u00e7\u00e3o<\/u>:<\/strong><br \/>Estatutariamente a REDCAM tem atua\u00e7\u00e3o no Estado da Bahia, entretanto se faz presente hoje em toda a Regi\u00e3o Metropolitana de Salvador.<\/div><div><strong>\u00a0<\/strong><\/div><div><strong><u>Objetivo da OSC<\/u>:<\/strong><\/div><div><strong>\u00a0<\/strong>Promover a melhoria das condi\u00e7\u00f5es s\u00f3cio econ\u00f3micas e culturais da popula\u00e7\u00e3o desfavorecidas nas zonas peri-urbanas e rurais contribuindo de forma significativa na redu\u00e7\u00e3o gradual da pobreza e da exclus\u00e3o social, atrav\u00e9s da promo\u00e7\u00e3o da coopera\u00e7\u00e3o com os nossos parceiros a n\u00edvel municipal estadual e Nacional.<\/div><div>\u00a0<\/div><div><strong><u>Fontes de financiamento<\/u>:<\/strong><\/div><div><strong>\u00a0<\/strong>A organiza\u00e7\u00e3o sobrevive das contribui\u00e7\u00f5es dos seus associados, do aluguel do seu espa\u00e7o f\u00edsico, das contribui\u00e7\u00f5es dos profissionais aut\u00f4nomos e da realiza\u00e7\u00e3o de eventos beneficentes voltados para a manuten\u00e7\u00e3o dos colaboradores que atuam na organiza\u00e7\u00e3o e para manuten\u00e7\u00e3o dos equipamentos e do espa\u00e7o f\u00edsico.<\/div><div><strong>\u00a0<\/strong><\/div><div><strong>Or\u00e7amento anual \u00e9 de aproximadamente\u00a0 R 100.000,00 (cem mil reais)\u00a0<\/strong><\/div><ul><li>Financiadores e\/ou apoiadores<\/li><li>Contribui\u00e7\u00f5es de associados e colaboradores<\/li><li>Aluguel dos espa\u00e7os f\u00edsicos<\/li><\/ul><div>\u00a0<\/div><div><strong>A Associa\u00e7\u00e3o Sustent\u00e1vel\u00a0 \u00e9 membro das seguintes plataformas e redes:<\/strong><\/div><div>Facebook, Whatsapp, Instagram e o site www.redesocialcam.com.br<\/div><div><strong>\u00a0<\/strong><\/div><div><strong><u>Grupo Alvo\/benefici\u00e1rios dos Projetos<\/u>:<\/strong><\/div><div>Pessoas que se constituem como benefici\u00e1rios da OSC, grupo informais, organiza\u00e7\u00f5es sociais, culturais e desportivas atendidas direto e \u00a0indiretamente por meio das a\u00e7\u00f5es e atividades que s\u00e3o desenvolvidas dentro e fora das instala\u00e7\u00f5es da REDCAM.<\/div><div>\u00a0<\/div>\t\t\t\t\t\t<\/div>\n\t\t\t\t<\/div>\n\t\t\t\t<\/div>\n\t\t\t\t\t<\/div>\n\t\t\t\t<\/div>\n\t\t\t\t<\/div>\n\t\t","protected":false},"excerpt":{"rendered":"<p>Quem Somos Estimulando a corresponsabilidade e coopera\u00e7\u00e3o entre organiza\u00e7\u00f5es Mais sobre a Redcam O que \u00e9 a REDCAM OSC &#8211; Organiza\u00e7\u00e3o da Sociedade Civil , sem fins econ\u00f4micos, com sede na Rua da Gl\u00f3ria n\u00ba 26 Gleba \u201cC\u201d Cama\u00e7ari Bahia CEP 42.807-085. que\u00a0 desenvolve programas, projetos , a\u00e7\u00f5es\u00a0 e atividades por meio das\u00a0 organiza\u00e7\u00f5es que [&hellip;]<\/p>\n","protected":false},"author":1,"featured_media":0,"parent":0,"menu_order":0,"comment_status":"closed","ping_status":"closed","template":"","meta":{"footnotes":""},"_links":{"self":[{"href":"https:\/\/redesocialcam.com.br\/index.php\/wp-json\/wp\/v2\/pages\/21"}],"collection":[{"href":"https:\/\/redesocialcam.com.br\/index.php\/wp-json\/wp\/v2\/pages"}],"about":[{"href":"https:\/\/redesocialcam.com.br\/index.php\/wp-json\/wp\/v2\/types\/page"}],"author":[{"embeddable":true,"href":"https:\/\/redesocialcam.com.br\/index.php\/wp-json\/wp\/v2\/users\/1"}],"replies":[{"embeddable":true,"href":"https:\/\/redesocialcam.com.br\/index.php\/wp-json\/wp\/v2\/comments?post=21"}],"version-history":[{"count":54,"href":"https:\/\/redesocialcam.com.br\/index.php\/wp-json\/wp\/v2\/pages\/21\/revisions"}],"predecessor-version":[{"id":1776,"href":"https:\/\/redesocialcam.com.br\/index.php\/wp-json\/wp\/v2\/pages\/21\/revisions\/1776"}],"wp:attachment":[{"href":"https:\/\/redesocialcam.com.br\/index.php\/wp-json\/wp\/v2\/media?parent=21"}],"curies":[{"name":"wp","href":"https:\/\/api.w.org\/{rel}","templated":true}]}}